{"id":1674,"date":"2019-11-02T04:05:42","date_gmt":"2019-11-02T04:05:42","guid":{"rendered":"https:\/\/firmus-agentur.de\/?page_id=1674"},"modified":"2021-04-23T13:15:16","modified_gmt":"2021-04-23T13:15:16","slug":"seminare","status":"publish","type":"page","link":"https:\/\/firmus-agentur.de\/?page_id=1674","title":{"rendered":"Seminare"},"content":{"rendered":"\t\t<div data-elementor-type=\"wp-page\" data-elementor-id=\"1674\" class=\"elementor elementor-1674\">\n\t\t\t\t\t\t<section class=\"elementor-section elementor-top-section elementor-element elementor-element-705347b elementor-section-boxed elementor-section-height-default elementor-section-height-default\" data-id=\"705347b\" data-element_type=\"section\">\n\t\t\t\t\t\t<div class=\"elementor-container elementor-column-gap-default\">\n\t\t\t\t\t<div class=\"elementor-column elementor-col-100 elementor-top-column elementor-element elementor-element-3b0ed99e\" data-id=\"3b0ed99e\" data-element_type=\"column\">\n\t\t\t<div class=\"elementor-widget-wrap elementor-element-populated\">\n\t\t\t\t\t\t<div class=\"elementor-element elementor-element-bf8a1ea elementor-widget elementor-widget-image\" data-id=\"bf8a1ea\" data-element_type=\"widget\" data-widget_type=\"image.default\">\n\t\t\t\t<div class=\"elementor-widget-container\">\n\t\t\t\t\t\t\t\t\t\t\t\t\t\t\t<img fetchpriority=\"high\" decoding=\"async\" width=\"200\" height=\"300\" src=\"https:\/\/firmus-agentur.de\/wp-content\/uploads\/2019\/12\/Thomas_Donnert_Effizienz-Experte-by_Isabel_Krueger-200x300.jpg\" class=\"attachment-medium size-medium wp-image-1858\" alt=\"Thomas Donnert Effizienz Experte photo by Isabel Krueger\" srcset=\"https:\/\/firmus-agentur.de\/wp-content\/uploads\/2019\/12\/Thomas_Donnert_Effizienz-Experte-by_Isabel_Krueger-200x300.jpg 200w, https:\/\/firmus-agentur.de\/wp-content\/uploads\/2019\/12\/Thomas_Donnert_Effizienz-Experte-by_Isabel_Krueger-683x1024.jpg 683w, https:\/\/firmus-agentur.de\/wp-content\/uploads\/2019\/12\/Thomas_Donnert_Effizienz-Experte-by_Isabel_Krueger-768x1152.jpg 768w, https:\/\/firmus-agentur.de\/wp-content\/uploads\/2019\/12\/Thomas_Donnert_Effizienz-Experte-by_Isabel_Krueger-333x500.jpg 333w, https:\/\/firmus-agentur.de\/wp-content\/uploads\/2019\/12\/Thomas_Donnert_Effizienz-Experte-by_Isabel_Krueger-533x800.jpg 533w, https:\/\/firmus-agentur.de\/wp-content\/uploads\/2019\/12\/Thomas_Donnert_Effizienz-Experte-by_Isabel_Krueger-600x900.jpg 600w, https:\/\/firmus-agentur.de\/wp-content\/uploads\/2019\/12\/Thomas_Donnert_Effizienz-Experte-by_Isabel_Krueger.jpg 800w\" sizes=\"(max-width: 200px) 100vw, 200px\" \/>\t\t\t\t\t\t\t\t\t\t\t\t\t\t\t<\/div>\n\t\t\t\t<\/div>\n\t\t\t\t<div class=\"elementor-element elementor-element-36f9c97a elementor-widget elementor-widget-text-editor\" data-id=\"36f9c97a\" data-element_type=\"widget\" data-widget_type=\"text-editor.default\">\n\t\t\t\t<div class=\"elementor-widget-container\">\n\t\t\t\t\t\t\t\t\t<p><span style=\"color: #000000;\">Thomas Donnert &#8211; Der Effizienz-Experte<\/span><\/p>\t\t\t\t\t\t\t\t<\/div>\n\t\t\t\t<\/div>\n\t\t\t\t\t<\/div>\n\t\t<\/div>\n\t\t\t\t\t<\/div>\n\t\t<\/section>\n\t\t\t\t<section class=\"elementor-section elementor-top-section elementor-element elementor-element-4d2f360 elementor-section-boxed elementor-section-height-default elementor-section-height-default\" data-id=\"4d2f360\" data-element_type=\"section\">\n\t\t\t\t\t\t<div class=\"elementor-container elementor-column-gap-default\">\n\t\t\t\t\t<div class=\"elementor-column elementor-col-100 elementor-top-column elementor-element elementor-element-d0149dd\" data-id=\"d0149dd\" data-element_type=\"column\" data-settings=\"{&quot;background_background&quot;:&quot;classic&quot;}\">\n\t\t\t<div class=\"elementor-widget-wrap elementor-element-populated\">\n\t\t\t\t\t\t<div class=\"elementor-element elementor-element-a326e5e elementor-widget elementor-widget-text-editor\" data-id=\"a326e5e\" data-element_type=\"widget\" data-widget_type=\"text-editor.default\">\n\t\t\t\t<div class=\"elementor-widget-container\">\n\t\t\t\t\t\t\t\t\t<p><strong>Seminar<br \/><\/strong>\u201eAls der Schreibtisch um Hilfe rief&#8230;\u201c &#8211;<br \/>Das A&amp;O der B\u00fcro- und Selbstorganisation<br \/><a href=\"https:\/\/firmus-agentur.de\/wp-content\/uploads\/2020\/02\/DL_Seminar_schreibtisch.pdf\" target=\"_blank\" rel=\"noopener\">mehr Information als PDF &#8230;<\/a><\/p>\t\t\t\t\t\t\t\t<\/div>\n\t\t\t\t<\/div>\n\t\t\t\t<div class=\"elementor-element elementor-element-d71eee4 elementor-widget elementor-widget-text-editor\" data-id=\"d71eee4\" data-element_type=\"widget\" data-widget_type=\"text-editor.default\">\n\t\t\t\t<div class=\"elementor-widget-container\">\n\t\t\t\t\t\t\t\t\t<p><strong>Seminar<br \/><\/strong><i><\/i>\u201eWie man sein Unternehmen\u00a0auf die \u00dcberholspur bringt!\u201c\u00a0<br \/>mehr Zeit, mehr Geld, mehr Lebensqualit\u00e4t<br \/><a href=\"https:\/\/firmus-agentur.de\/wp-content\/uploads\/2019\/12\/Seminar-Wie-man-sein-Unternehmern-auf-die-\u00dcberholspur-bringt.pdf\" target=\"_blank\" rel=\"noopener\">mehr Information als PDF &#8230;<strong><a href=\"https:\/\/firmus-agentur.de\/?attachment_id=2008\" rel=\"attachment wp-att-2008\">DL_Seminar_ueberholspur<\/a><\/strong><\/a><\/p>\t\t\t\t\t\t\t\t<\/div>\n\t\t\t\t<\/div>\n\t\t\t\t\t<\/div>\n\t\t<\/div>\n\t\t\t\t<div class=\"elementor-column elementor-col-50 elementor-top-column elementor-element elementor-element-fb8ee59\" data-id=\"fb8ee59\" data-element_type=\"column\">\n\t\t\t<div class=\"elementor-widget-wrap elementor-element-populated\">\n\t\t\t\t\t\t<div class=\"elementor-element elementor-element-912433c elementor-widget elementor-widget-text-editor\" data-id=\"912433c\" data-element_type=\"widget\" data-widget_type=\"text-editor.default\">\n\t\t\t\t<div class=\"elementor-widget-container\">\n\t\t\t\t\t\t\t\t\t<p><strong>Thomas Donnert \/Der Effizienz-Experte,<br \/><\/strong><strong>Niederlassung Bayern<\/strong><\/p><p>Aktuell bietet Thomas Donnert zwei Kurz- oder Abendseminare an, die auch als Online-Seminare buchbar sind:<br \/>-\u201eAls der Schreibtisch um Hilfe rief- Das A und O der B\u00fcro- und Selbstorganisation\u201c<br \/>-\u201eWie Sie Ihr Unternehmen auf die \u00dcberholspur bringen\u201c,<br \/>au\u00dferdem Workshops und Tagesseminare zum Thema Effizienz in Unternehmen.<\/p><div class=\"\"><div class=\"\">Mit gro\u00dfer Freude bera\u0308t und trainiert Thomas Donnert von \u201eDer Effizienz-Experte\u201c Unternehmer und Selbsta\u0308ndige und deren Mitarbeiter darauf, bessere Ergebnisse in ku\u0308rzerer Zeit zu erreichen. Durch effiziente Bu\u0308ro- und Selbstorganisation, Mitarbeitermotivation und -Verantwortung, Kommunikation und Fu\u0308hrung und Krisenmanagement wird so zwischen 30% &#8211; 50% mehr Zeit fu\u0308r das Wesentliche geschaffen.<\/div><\/div><div class=\"\"><div class=\"page\" title=\"Page 2\"><div class=\"layoutArea\"><div class=\"column\"><p class=\"\">\u201eMit geu\u0308btem und scharfen Blick auf das Wesentliche, einer genauen Auffassungsgabe und gro\u00dfem Einfu\u0308hlungsvermo\u0308gen u\u0308ber die Geschehnisse im Unternehmen<span class=\"\">, <\/span>schafft er es, gezielt an den richtigen Stellschrauben zu ziehen\u201c (Kundenreferenz Dr. Jung &amp; Partner GmbH)<\/p><p class=\"\">Auch nach der Beratung nimmt er sich viel Zeit, um die Unternehmer dazu anzuhalten, Ihre gesetzten Ziele nachhaltig zu verfolgen und umzusetzen.<\/p><p class=\"\">Thomas Donnert hat seit 2000 als Praktiker und Effizienz-Trainer und -Berater zahlreiche Seminare, Workshops und Vortra\u0308ge bei Unternehmerverba\u0308nden oder Innungen abgehalten und Beratungen und Trainings in den verschiedensten Unternehmen durchgefu\u0308hrt.<\/p><p class=\"\">Er konnte so einen wichtigen Beitrag zu den Themen: \u201eMehr Zeit fu\u0308r Ideen und Projekte, also fu\u0308rs Wesentliche, ho\u0308here Arbeitsgeschwindigkeit und Mitarbeitermotivation\u201c fu\u0308r die Unternehmer leisten.<\/p><p class=\"\">Seit 2018 ist er Leiter der Niederlassung Bayern von \u201eDer Effizienz-Experte\u201c mit Sitz in Mu\u0308nchen.<\/p><\/div><\/div><\/div><\/div><p>Mehr Infos dazu finden Sie hier: <a href=\"https:\/\/der-effizienz-experte.de\/niederlassung-bayern\/\" target=\"_blank\" rel=\"noopener\">https:\/\/der-effizienz-experte.de\/niederlassung-bayern<\/a><\/p><p>Anfragen f\u00fcr Seminare bitte an<\/p><p><a href=\"mailto:kontakt@firmus-agentur.de\" target=\"_blank\" rel=\"noopener\">kontakt@firmus-agentur.de<\/a><\/p><p><span style=\"font-size: 15px;\">0171 1166788<\/span><\/p><p><a href=\"https:\/\/der-effizienz-experte.de\/niederlassung-bayern\/\" target=\"_blank\" rel=\"noopener\">https:\/\/der-effizienz-experte.de\/niederlassung-bayern<\/a><\/p>\t\t\t\t\t\t\t\t<\/div>\n\t\t\t\t<\/div>\n\t\t\t\t\t<\/div>\n\t\t<\/div>\n\t\t\t\t\t<\/div>\n\t\t<\/section>\n\t\t\t\t<section class=\"elementor-section elementor-top-section elementor-element elementor-element-217916b elementor-section-boxed elementor-section-height-default elementor-section-height-default\" data-id=\"217916b\" data-element_type=\"section\">\n\t\t\t\t\t\t<div class=\"elementor-container elementor-column-gap-default\">\n\t\t\t\t\t<div class=\"elementor-column elementor-col-100 elementor-top-column elementor-element elementor-element-df2ec87\" data-id=\"df2ec87\" data-element_type=\"column\">\n\t\t\t<div class=\"elementor-widget-wrap elementor-element-populated\">\n\t\t\t\t\t\t<div class=\"elementor-element elementor-element-876cb6b elementor-widget elementor-widget-text-editor\" data-id=\"876cb6b\" data-element_type=\"widget\" data-widget_type=\"text-editor.default\">\n\t\t\t\t<div class=\"elementor-widget-container\">\n\t\t\t\t\t\t\t\t\t<p><strong>Beispiele f\u00fcr Kundenreferenzen aus dem Jahr 2019<\/strong><\/p><p><em>\u201eWir, die Dr. Jung &amp;Partner GmbH Generalrepr\u00e4sentanz, k\u00f6nnen Herrn Donnert nur w\u00e4rmstens weiterempfehlen. \u00a0Er hat eine genaue Auffassungsgabe \u00fcber die Geschehnisse im Unternehmen, erkennt Strukturen sehr schnell. So kann er gezielt die richtigen Stellschrauben drehen. Zudem k\u00fcmmert er sich auch nach dem Training laufend um uns und nimmt sich sehr viel Zeit. Wir f\u00fchlen \u00a0uns rund um gut betreut und werden Herrn Donnert auch in Zukunft wieder buchen. Herzlichen Dank<strong>\u201c Dr.Jung&amp;Partner GmbH Essenbach<\/strong><\/em><\/p><p><em>\u00a0<\/em><em>\u201eWir hatten an einem Abend-Seminar teilgenommen und sind dadurch auf Ihre T\u00e4tigkeit aufmerksam geworden. Ihr Vortrag an diesem Abend hat voll ins Schwarze getroffen und wir haben einen Termin f\u00fcr eine kostenlose Beratung in unserem Hause abgesprochen. Durch das Seminar und Ihren Besuch haben wir dann beschlossen, sie f\u00fcr ein Effizienztraining zu beauftragen. Vor dem Training war an meinem Schreibtisch und im B\u00fcro Chaos, das mich erdr\u00fcckt hat, nach den zwei Tagen bin ich jetzt irgendwie richtig befreit und kann endlich richtig durchstarten, die Firma voranzubringen. Vor allem durch die Lockerheit von Herrn Donnert ist das ganze Projekt hervorragend abgelaufen. Ich kann dieses Training geben nur empfehlen. F\u00fcr ein telefonisches Referenzgespr\u00e4ch stehe ich jederzeit zur Verf\u00fcgung.\u201c<\/em><\/p><p><strong><em>AR K\u00fcchentechnik<\/em><\/strong><\/p><p><em>\u201e\u2026 wir haben jetzt vier sehr intensive Tage hinter uns und blicken auf drei leere Schreibtische und eine Organisation, die ein Zum\u00fcllen verhindern soll. Da es immer anstrengend ist, Gewohnheiten zu \u00e4ndern, bin ich sehr froh, dass Herr Donnert f\u00fcr ein weiteres Jahr unser Ansprechpartner ist, und mit w\u00f6chentlichen Berichten, die wir liefern sollen, Druck aufbaut. Ich bin voller Hoffnung, dass damit wir unsere Organisationsprobleme in der Apotheke endlich gel\u00f6st sind und ich bin sehr froh \u00fcber dieses Training.\u201c <\/em><\/p><p><strong><em>B S, Apothekerin<\/em><\/strong><em>\u00a0<\/em><\/p><p><em>\u2018Durch das Effizienz-Training von Herrn Donnert haben wir einen viel besseren B\u00fcroablauf gelernt. Mit seiner angenehmen Art und Weise wurde das Effizienztraining uns vermittelt. Durch klare Anweisungen an die Belegschaft werden wir in Zukunft Arbeitsabl\u00e4ufe besser organisieren k\u00f6nnen. Dies fordert von uns eine n\u00e4chste Zeit bei der Umgestaltung eine erh\u00f6hte Aufmerksamkeit und Disziplin. Wir sind doch das Effizienztraining sehr zuversichtlich, dass es das gelingen wird. Das Training mit Herrn Donnert k\u00f6nnen wir bestens weiterempfehlen.\u201c <strong>Josef Mayer GmbH, Raumausstatter<\/strong><\/em><\/p><p><em>\u2018\u2026Bereits in der Zeit zwischen den zwei Trainingstagen merkten wir eine Verbesserung der R\u00fcckstandsaufarbeitung. Die Motivation unserer Mitarbeiter verbessert sich sp\u00fcrbar. Besonders wertvoll sind die sieben goldenen Regeln. Aus diesen Gr\u00fcnden halte ich sie f\u00fcr Projekte in dem Bereich f\u00fcr sehr qualifiziert und m\u00f6chte sie potentiellen Auftraggebern ohne jede Vorbehalte als Dienstleister empfehlen.\u201c<\/em><\/p><p><strong><em>Beffert&amp;Wastian GmbH Finanz- und Versicherungsmakler<\/em><\/strong><\/p><p><em>\u201e..Herr Donnert hat die Situation in mein B\u00fcro sehr schnell und vollst\u00e4ndig erfasst. Er hat Themen aufgegriffen und mit mir sofort professionell gearbeitet Nummer die in Analyse Gespr\u00e4ch entstanden sind. Es ging vorrangig um das Thema Empfehlungsmarketing. Hier haben wir einen sehr guten Weg gefunden, dies in meinen Beratungsablauf einzuarbeiten. Viele andere Themen zur Effizienzsteigerung haben wir besprochen und leicht umsetzbare L\u00f6sungen gefunden. Der Punkt der Zusammenarbeit mit meiner Mitarbeiterin war ein wichtiger und hilfreicher Baustein im Trainingsprozess. Ich ziehe aus den zwei Tagen auch viele neue Motivation f\u00fcr meine Tagesarbeit. Meine Erwartungen wurden weit \u00fcbertroffen und ich freue mich die Dinge umzusetzen\u201c <\/em><\/p><p><strong><em>Klaus Marschall\/Mehrwert Beratung<\/em><\/strong><\/p><p><em>\u00a0\u201e\u2026Als Gesch\u00e4ftsf\u00fchrer eines mittelst\u00e4ndischen Bauunternehmens kann ich Herrn Donnert und das Effizienztraining jedem nur w\u00e4rmstens ans Herz legen.\u201c <\/em><\/p><p><strong><em>David Bircks DTB-Donau-Trockenbau GmbH<\/em><\/strong><\/p><p>Gerne k\u00f6nnen Sie auch einen Termin f\u00fcr eine Effizienzanalyse in Ihrem Unternehmen vereinbaren.<\/p><p>\u00a0<\/p>\t\t\t\t\t\t\t\t<\/div>\n\t\t\t\t<\/div>\n\t\t\t\t\t<\/div>\n\t\t<\/div>\n\t\t\t\t\t<\/div>\n\t\t<\/section>\n\t\t\t\t<\/div>\n\t\t","protected":false},"excerpt":{"rendered":"<p>Thomas Donnert &#8211; Der Effizienz-Experte Seminar \u201eAls der Schreibtisch um Hilfe rief&#8230;\u201c &#8211; Das A&amp;O der B\u00fcro- und Selbstorganisation mehr Information als PDF &#8230; Seminar \u201eWie man sein Unternehmen&nbsp;auf die \u00dcberholspur bringt!\u201c&nbsp; mehr Zeit, mehr Geld, mehr Lebensqualit\u00e4t mehr Information als PDF &#8230;DL_Seminar_ueberholspur Thomas Donnert \/Der Effizienz-Experte, Niederlassung Bayern Aktuell bietet Thomas Donnert zwei Kurz- &hellip;<\/p>\n<p class=\"read-more\"> <a class=\"\" href=\"https:\/\/firmus-agentur.de\/?page_id=1674\"> <span class=\"screen-reader-text\">Seminare<\/span> Weiterlesen &raquo;<\/a><\/p>\n","protected":false},"author":1,"featured_media":0,"parent":0,"menu_order":0,"comment_status":"closed","ping_status":"closed","template":"","meta":{"site-sidebar-layout":"no-sidebar","site-content-layout":"boxed-container","ast-site-content-layout":"","site-content-style":"default","site-sidebar-style":"default","ast-global-header-display":"","ast-banner-title-visibility":"","ast-main-header-display":"","ast-hfb-above-header-display":"","ast-hfb-below-header-display":"","ast-hfb-mobile-header-display":"","site-post-title":"","ast-breadcrumbs-content":"","ast-featured-img":"","footer-sml-layout":"","theme-transparent-header-meta":"disabled","adv-header-id-meta":"","stick-header-meta":"","header-above-stick-meta":"","header-main-stick-meta":"","header-below-stick-meta":"","astra-migrate-meta-layouts":"","footnotes":"","_vp_format_video_url":"","_vp_image_focal_point":[]},"_links":{"self":[{"href":"https:\/\/firmus-agentur.de\/index.php?rest_route=\/wp\/v2\/pages\/1674"}],"collection":[{"href":"https:\/\/firmus-agentur.de\/index.php?rest_route=\/wp\/v2\/pages"}],"about":[{"href":"https:\/\/firmus-agentur.de\/index.php?rest_route=\/wp\/v2\/types\/page"}],"author":[{"embeddable":true,"href":"https:\/\/firmus-agentur.de\/index.php?rest_route=\/wp\/v2\/users\/1"}],"replies":[{"embeddable":true,"href":"https:\/\/firmus-agentur.de\/index.php?rest_route=%2Fwp%2Fv2%2Fcomments&post=1674"}],"version-history":[{"count":68,"href":"https:\/\/firmus-agentur.de\/index.php?rest_route=\/wp\/v2\/pages\/1674\/revisions"}],"predecessor-version":[{"id":2111,"href":"https:\/\/firmus-agentur.de\/index.php?rest_route=\/wp\/v2\/pages\/1674\/revisions\/2111"}],"wp:attachment":[{"href":"https:\/\/firmus-agentur.de\/index.php?rest_route=%2Fwp%2Fv2%2Fmedia&parent=1674"}],"curies":[{"name":"wp","href":"https:\/\/api.w.org\/{rel}","templated":true}]}}